{"id":15,"date":"2026-03-22T15:24:31","date_gmt":"2026-03-22T15:24:31","guid":{"rendered":"https:\/\/urszulakonarzewski.com\/?page_id=15"},"modified":"2026-03-22T20:08:08","modified_gmt":"2026-03-22T20:08:08","slug":"strona-glowna-w-przygotowaniu","status":"publish","type":"page","link":"https:\/\/urszulakonarzewski.com\/","title":{"rendered":"Strona G\u0142\u00f3wna &#8211; w przygotowaniu."},"content":{"rendered":"\n<p><strong>Strona w przygotowaniu!<\/strong><br><br>Powstaje przestrze\u0144 \u0142\u0105cz\u0105ca s\u0142owa i znaczenie percepcji w komunikacji.<br>Ju\u017c w wkr\u00f3tce:<br><br>&#8211; oferta autorskiej metody pracy z j\u0119zykiem w komunikacji,<br>&#8211; autorskie publikacje, cykl karteczek<br>&#8211; wydarzenia, spotkania i prelekcje<br>&#8211; wsp\u00f3lna kawa i kameralne wyst\u0105pienia<br>&#8211; i wiele innych projekt\u00f3w<br><\/p>\n\n\n\n<p><strong>Kontakt: <\/strong>kontakt@urszulakonarzewski.com<\/p>\n\n\n\n<p><\/p>\n","protected":false},"excerpt":{"rendered":"<p>Strona w przygotowaniu! Powstaje przestrze\u0144 \u0142\u0105cz\u0105ca s\u0142owa i znaczenie percepcji w komunikacji.Ju\u017c w wkr\u00f3tce: &#8211; oferta autorskiej metody pracy z j\u0119zykiem w komunikacji,&#8211; autorskie publikacje, cykl karteczek&#8211; wydarzenia, spotkania i prelekcje&#8211; wsp\u00f3lna kawa i kameralne wyst\u0105pienia&#8211; i wiele innych projekt\u00f3w Kontakt: kontakt@urszulakonarzewski.com<\/p>\n","protected":false},"author":1,"featured_media":0,"parent":0,"menu_order":0,"comment_status":"closed","ping_status":"closed","template":"","meta":{"_themeisle_gutenberg_block_has_review":false,"_kad_post_transparent":"","_kad_post_title":"","_kad_post_layout":"","_kad_post_sidebar_id":"","_kad_post_content_style":"","_kad_post_vertical_padding":"","_kad_post_feature":"","_kad_post_feature_position":"","_kad_post_header":false,"_kad_post_footer":false,"_kad_post_classname":"","footnotes":""},"class_list":["post-15","page","type-page","status-publish","hentry"],"_links":{"self":[{"href":"https:\/\/urszulakonarzewski.com\/index.php?rest_route=\/wp\/v2\/pages\/15","targetHints":{"allow":["GET"]}}],"collection":[{"href":"https:\/\/urszulakonarzewski.com\/index.php?rest_route=\/wp\/v2\/pages"}],"about":[{"href":"https:\/\/urszulakonarzewski.com\/index.php?rest_route=\/wp\/v2\/types\/page"}],"author":[{"embeddable":true,"href":"https:\/\/urszulakonarzewski.com\/index.php?rest_route=\/wp\/v2\/users\/1"}],"replies":[{"embeddable":true,"href":"https:\/\/urszulakonarzewski.com\/index.php?rest_route=%2Fwp%2Fv2%2Fcomments&post=15"}],"version-history":[{"count":2,"href":"https:\/\/urszulakonarzewski.com\/index.php?rest_route=\/wp\/v2\/pages\/15\/revisions"}],"predecessor-version":[{"id":23,"href":"https:\/\/urszulakonarzewski.com\/index.php?rest_route=\/wp\/v2\/pages\/15\/revisions\/23"}],"wp:attachment":[{"href":"https:\/\/urszulakonarzewski.com\/index.php?rest_route=%2Fwp%2Fv2%2Fmedia&parent=15"}],"curies":[{"name":"wp","href":"https:\/\/api.w.org\/{rel}","templated":true}]}}